{"id":210,"date":"2021-07-18T20:25:00","date_gmt":"2021-07-18T18:25:00","guid":{"rendered":"https:\/\/kura-randen.ch\/?page_id=210"},"modified":"2026-02-26T17:31:45","modified_gmt":"2026-02-26T16:31:45","slug":"projekte","status":"publish","type":"page","link":"https:\/\/kura-randen.ch\/?page_id=210","title":{"rendered":"Projekte"},"content":{"rendered":"\n<p class=\"has-text-align-center has-large-font-size\"><strong>Projekte<\/strong><\/p>\n\n\n\n<div class=\"wp-block-group\"><div class=\"wp-block-group__inner-container is-layout-flow wp-block-group-is-layout-flow\">\n<div class=\"wp-block-buttons is-horizontal is-content-justification-center is-layout-flex wp-container-core-buttons-is-layout-499968f5 wp-block-buttons-is-layout-flex\">\n<div class=\"wp-block-button\"><a class=\"wp-block-button__link wp-element-button\">Waldprojekte<\/a><\/div>\n<\/div>\n<\/div><\/div>\n\n\n\n<p class=\"has-text-align-center\">Auflichtung von Wald und Waldr\u00e4ndern zur F\u00f6rderung von licht- und<br>w\u00e4rmeliebenden Tier- und Pflanzenarten.<\/p>\n\n\n\n<div class=\"wp-block-group\"><div class=\"wp-block-group__inner-container is-layout-flow wp-block-group-is-layout-flow\">\n<div class=\"wp-block-buttons is-horizontal is-content-justification-center is-layout-flex wp-container-core-buttons-is-layout-499968f5 wp-block-buttons-is-layout-flex\">\n<div class=\"wp-block-button\"><a class=\"wp-block-button__link wp-element-button\">Wiesenprojekte<\/a><\/div>\n<\/div>\n\n\n\n<p class=\"has-text-align-center\">Erhaltung und F\u00f6rderung von artenreichen Mager- und Heuwiesen durch Bewirtschaftungsvertr\u00e4ge zwischen der KURA und den Randenbauern.<\/p>\n<\/div><\/div>\n\n\n\n<div class=\"wp-block-buttons is-horizontal is-content-justification-center is-layout-flex wp-container-core-buttons-is-layout-499968f5 wp-block-buttons-is-layout-flex\">\n<div class=\"wp-block-button\"><a class=\"wp-block-button__link wp-element-button\">Projekt Hecken und Einzelb\u00e4ume<\/a><\/div>\n<\/div>\n\n\n\n<p class=\"has-text-align-center\">F\u00f6rderung der artenreichen Krautschicht in den typischen F\u00f6hrenhecken auf den Randenhochfl\u00e4chen durch spezielle Pflegeeingriffe, fachgerechte Pflege der Dornen-<br>hecken an den Randenh\u00e4ngen, F\u00f6rderung von landschaftspr\u00e4genden Einzelb\u00e4umen, Hochstamm-Obstb\u00e4umen.<\/p>\n\n\n\n<div class=\"wp-block-buttons is-horizontal is-content-justification-center is-layout-flex wp-container-core-buttons-is-layout-499968f5 wp-block-buttons-is-layout-flex\">\n<div class=\"wp-block-button\"><a class=\"wp-block-button__link wp-element-button\">Heidenlercheprojekt<\/a><\/div>\n<\/div>\n\n\n\n<p class=\"has-text-align-center\">F\u00f6rderung der stark gef\u00e4hrdeten Heidelerche auf den Randenhochfl\u00e4chen durch<br>spezielle Buntbrachen.<\/p>\n\n\n\n<div class=\"wp-block-buttons is-horizontal is-content-justification-center is-layout-flex wp-container-core-buttons-is-layout-499968f5 wp-block-buttons-is-layout-flex\">\n<div class=\"wp-block-button\"><a class=\"wp-block-button__link wp-element-button\">Kantonales \u00d6QV-Vernetzungsprojekt &#171;Randen&#187;<\/a><\/div>\n<\/div>\n\n\n\n<p class=\"has-text-align-center\">Neue Finanzierungsm\u00f6glichkeiten f\u00fcr KURA-Projekte.<\/p>\n\n\n\n<p><\/p>\n","protected":false},"excerpt":{"rendered":"<p>Projekte Auflichtung von Wald und Waldr\u00e4ndern zur F\u00f6rderung von licht- undw\u00e4rmeliebenden Tier- und Pflanzenarten. Erhaltung und F\u00f6rderung von artenreichen Mager- und Heuwiesen durch Bewirtschaftungsvertr\u00e4ge zwischen der KURA und den Randenbauern. F\u00f6rderung der artenreichen Krautschicht in den typischen F\u00f6hrenhecken auf den Randenhochfl\u00e4chen durch spezielle Pflegeeingriffe, fachgerechte Pflege der Dornen-hecken an den Randenh\u00e4ngen, F\u00f6rderung von landschaftspr\u00e4genden Einzelb\u00e4umen, &#8230; <a title=\"Projekte\" class=\"read-more\" href=\"https:\/\/kura-randen.ch\/?page_id=210\">Weiterlesen &#8230;<\/a><\/p>\n","protected":false},"author":2,"featured_media":0,"parent":0,"menu_order":0,"comment_status":"closed","ping_status":"closed","template":"","meta":{"_editorskit_title_hidden":false,"_editorskit_reading_time":1,"_editorskit_is_block_options_detached":false,"_editorskit_block_options_position":"{}","footnotes":""},"class_list":["post-210","page","type-page","status-publish"],"_links":{"self":[{"href":"https:\/\/kura-randen.ch\/index.php?rest_route=\/wp\/v2\/pages\/210","targetHints":{"allow":["GET"]}}],"collection":[{"href":"https:\/\/kura-randen.ch\/index.php?rest_route=\/wp\/v2\/pages"}],"about":[{"href":"https:\/\/kura-randen.ch\/index.php?rest_route=\/wp\/v2\/types\/page"}],"author":[{"embeddable":true,"href":"https:\/\/kura-randen.ch\/index.php?rest_route=\/wp\/v2\/users\/2"}],"replies":[{"embeddable":true,"href":"https:\/\/kura-randen.ch\/index.php?rest_route=%2Fwp%2Fv2%2Fcomments&post=210"}],"version-history":[{"count":5,"href":"https:\/\/kura-randen.ch\/index.php?rest_route=\/wp\/v2\/pages\/210\/revisions"}],"predecessor-version":[{"id":330,"href":"https:\/\/kura-randen.ch\/index.php?rest_route=\/wp\/v2\/pages\/210\/revisions\/330"}],"wp:attachment":[{"href":"https:\/\/kura-randen.ch\/index.php?rest_route=%2Fwp%2Fv2%2Fmedia&parent=210"}],"curies":[{"name":"wp","href":"https:\/\/api.w.org\/{rel}","templated":true}]}}